{"id":6647,"date":"2026-02-12T17:49:41","date_gmt":"2026-02-12T17:49:41","guid":{"rendered":"https:\/\/saree.it\/prodotto\/trio-cucina-candy-triovxnt-1\/"},"modified":"2026-02-13T07:45:32","modified_gmt":"2026-02-13T07:45:32","slug":"trio-cucina-candy-triovxnt-1","status":"publish","type":"product","link":"https:\/\/saree.it\/de\/prodotto\/trio-cucina-candy-triovxnt-1\/","title":{"rendered":"Trio-Kombiger\u00e4t Candy TRIOVXNT\/1"},"content":{"rendered":"<div class=\"flex flex-col text-sm pb-25\">\n<article class=\"text-token-text-primary w-full focus:outline-none [--shadow-height:45px] has-data-writing-block:pointer-events-none has-data-writing-block:-mt-(--shadow-height) has-data-writing-block:pt-(--shadow-height) [&amp;:has([data-writing-block])&gt;*]:pointer-events-auto [content-visibility:auto] supports-[content-visibility:auto]:[contain-intrinsic-size:auto_100lvh] scroll-mt-[calc(var(--header-height)+min(200px,max(70px,20svh)))]\" dir=\"auto\" tabindex=\"-1\" data-turn-id=\"request-WEB:f36bbd54-a33c-45d7-b457-0de4048b909a-2\" data-testid=\"conversation-turn-2\" data-scroll-anchor=\"true\" data-turn=\"assistant\">\n<div class=\"text-base my-auto mx-auto pb-10 [--thread-content-margin:--spacing(4)] @w-sm\/main:[--thread-content-margin:--spacing(6)] @w-lg\/main:[--thread-content-margin:--spacing(16)] px-(--thread-content-margin)\">\n<div class=\"[--thread-content-max-width:40rem] @w-lg\/main:[--thread-content-max-width:48rem] mx-auto max-w-(--thread-content-max-width) flex-1 group\/turn-messages focus-visible:outline-hidden relative flex w-full min-w-0 flex-col agent-turn\" tabindex=\"-1\">\n<div class=\"flex max-w-full flex-col grow\">\n<div class=\"min-h-8 text-message relative flex w-full flex-col items-end gap-2 text-start break-words whitespace-normal [.text-message+&amp;]:mt-1\" dir=\"auto\" data-message-author-role=\"assistant\" data-message-id=\"fc5064cc-782d-4fdd-b1a1-d1b37456866e\" data-message-model-slug=\"gpt-5-2\">\n<div class=\"flex w-full flex-col gap-1 empty:hidden first:pt-[1px]\">\n<div class=\"markdown prose dark:prose-invert w-full wrap-break-word light markdown-new-styling\">\n<p data-start=\"46\" data-end=\"116\"><span style=\"color: #000000;\">Begrenzte Verf\u00fcgbarkeit: 1 St\u00fcck<\/span><\/p>\n<p data-start=\"46\" data-end=\"116\"><span style=\"color: #000000;\"><strong data-start=\"46\" data-end=\"116\">Candy TRIOVXNT\/1 \u2013 Trio-Kombiger\u00e4t mit Elektro-Glaskeramikkochfeld<\/strong><\/span><\/p>\n<p data-start=\"118\" data-end=\"477\"><span style=\"color: #000000;\">Der <strong data-start=\"122\" data-end=\"142\">Candy TRIOVXNT\/1<\/strong> ist die ideale platzsparende L\u00f6sung f\u00fcr alle, die eine vollwertige K\u00fcche auf nur 60 cm Breite w\u00fcnschen. Dieses innovative Trio-Kombiger\u00e4t mit Elektro-Glaskeramikkochfeld vereint <strong data-start=\"321\" data-end=\"405\">Glaskeramikkochfeld, elektrischen Umluftbackofen und integrierten Geschirrsp\u00fcler<\/strong> in einem einzigen kompakten, eleganten und funktionalen Haushaltsger\u00e4t.<\/span><\/p>\n<p data-start=\"479\" data-end=\"612\"><span style=\"color: #000000;\">Ideal f\u00fcr Wohnungen, Studios, Ferienh\u00e4user, B\u00fcros und kleine R\u00e4ume bietet das Candy Trio maximale Leistung bei minimalem Platzbedarf.<\/span><\/p>\n<hr data-start=\"614\" data-end=\"617\" \/>\n<h3 data-start=\"619\" data-end=\"653\"><span style=\"color: #000000;\">\ud83d\udd25 Elektro-Glaskeramikkochfeld<\/span><\/h3>\n<p data-start=\"655\" data-end=\"686\"><span style=\"color: #000000;\">Das Glaskeramikkochfeld bietet:<\/span><\/p>\n<ul data-start=\"688\" data-end=\"864\">\n<li data-start=\"688\" data-end=\"727\">\n<p data-start=\"690\" data-end=\"727\"><span style=\"color: #000000;\">Schnelle und gleichm\u00e4\u00dfige Erw\u00e4rmung<\/span><\/p>\n<\/li>\n<li data-start=\"728\" data-end=\"771\">\n<p data-start=\"730\" data-end=\"771\"><span style=\"color: #000000;\">Glatte, leicht zu reinigende Oberfl\u00e4che<\/span><\/p>\n<\/li>\n<li data-start=\"772\" data-end=\"802\">\n<p data-start=\"774\" data-end=\"802\"><span style=\"color: #000000;\">Modernes, elegantes Design<\/span><\/p>\n<\/li>\n<li data-start=\"803\" data-end=\"864\">\n<p data-start=\"805\" data-end=\"864\"><span style=\"color: #000000;\">Intuitive Bedienelemente zur einfachen Temperaturregelung<\/span><\/p>\n<\/li>\n<\/ul>\n<p data-start=\"866\" data-end=\"967\"><span style=\"color: #000000;\">Perfekt f\u00fcr eine praktische und sichere K\u00fcche \u2013 mit der bew\u00e4hrten elektrischen Technologie von Candy.<\/span><\/p>\n<hr data-start=\"969\" data-end=\"972\" \/>\n<h3 data-start=\"974\" data-end=\"1008\"><span style=\"color: #000000;\">\ud83d\udd25 Elektrischer Umluftbackofen<\/span><\/h3>\n<p data-start=\"1010\" data-end=\"1049\"><span style=\"color: #000000;\">Der integrierte Elektrobackofen bietet:<\/span><\/p>\n<ul data-start=\"1051\" data-end=\"1197\">\n<li data-start=\"1051\" data-end=\"1100\">\n<p data-start=\"1053\" data-end=\"1100\"><span style=\"color: #000000;\">Umluftfunktion f\u00fcr gleichm\u00e4\u00dfige Garergebnisse<\/span><\/p>\n<\/li>\n<li data-start=\"1101\" data-end=\"1131\">\n<p data-start=\"1103\" data-end=\"1131\"><span style=\"color: #000000;\">Gro\u00dfz\u00fcgiges Garraumvolumen<\/span><\/p>\n<\/li>\n<li data-start=\"1132\" data-end=\"1164\">\n<p data-start=\"1134\" data-end=\"1164\"><span style=\"color: #000000;\">Verschiedene Beheizungsarten<\/span><\/p>\n<\/li>\n<li data-start=\"1165\" data-end=\"1197\">\n<p data-start=\"1167\" data-end=\"1197\"><span style=\"color: #000000;\">Optimierten Energieverbrauch<\/span><\/p>\n<\/li>\n<\/ul>\n<p data-start=\"1199\" data-end=\"1318\"><span style=\"color: #000000;\">Ideal f\u00fcr Pizza, Kuchen, Braten und traditionelle Gerichte \u2013 mit professionellen Ergebnissen direkt bei Ihnen zu Hause.<\/span><\/p>\n<hr data-start=\"1320\" data-end=\"1323\" \/>\n<h3 data-start=\"1325\" data-end=\"1359\"><span style=\"color: #000000;\">\ud83d\udca7 Integrierter Geschirrsp\u00fcler<\/span><\/h3>\n<p data-start=\"1361\" data-end=\"1447\"><span style=\"color: #000000;\">Der Candy TRIOVXNT\/1 verf\u00fcgt \u00fcber einen integrierten Kompaktgeschirrsp\u00fcler, ideal f\u00fcr:<\/span><\/p>\n<ul data-start=\"1449\" data-end=\"1580\">\n<li data-start=\"1449\" data-end=\"1497\">\n<p data-start=\"1451\" data-end=\"1497\"><span style=\"color: #000000;\">Das t\u00e4gliche Sp\u00fclen von Geschirr und Besteck<\/span><\/p>\n<\/li>\n<li data-start=\"1498\" data-end=\"1542\">\n<p data-start=\"1500\" data-end=\"1542\"><span style=\"color: #000000;\">Reduzierten Wasser- und Energieverbrauch<\/span><\/p>\n<\/li>\n<li data-start=\"1543\" data-end=\"1580\">\n<p data-start=\"1545\" data-end=\"1580\"><span style=\"color: #000000;\">Optimale Raumnutzung in der K\u00fcche<\/span><\/p>\n<\/li>\n<\/ul>\n<p data-start=\"1582\" data-end=\"1658\"><span style=\"color: #000000;\">Eine 3-in-1-L\u00f6sung, die die Installation separater Ger\u00e4te \u00fcberfl\u00fcssig macht.<\/span><\/p>\n<hr data-start=\"1660\" data-end=\"1663\" \/>\n<h3 data-start=\"1665\" data-end=\"1699\"><span style=\"color: #000000;\">Warum Candy TRIOVXNT\/1 w\u00e4hlen?<\/span><\/h3>\n<p data-start=\"1701\" data-end=\"1905\"><span style=\"color: #000000;\">\u2705 3 Ger\u00e4te in 1<\/span><br data-start=\"1716\" data-end=\"1719\" \/><span style=\"color: #000000;\">\u2705 Platzsparende 60-cm-L\u00f6sung<\/span><br data-start=\"1747\" data-end=\"1750\" \/><span style=\"color: #000000;\">\u2705 Elektro-Glaskeramikkochfeld<\/span><br data-start=\"1779\" data-end=\"1782\" \/><span style=\"color: #000000;\">\u2705 Multifunktions-Umluftbackofen<\/span><br data-start=\"1813\" data-end=\"1816\" \/><span style=\"color: #000000;\">\u2705 Integrierter Geschirrsp\u00fcler<\/span><br data-start=\"1845\" data-end=\"1848\" \/><span style=\"color: #000000;\">\u2705 Modernes, kompaktes Design<\/span><br data-start=\"1876\" data-end=\"1879\" \/><span style=\"color: #000000;\">\u2705 Ideal f\u00fcr kleine R\u00e4ume<\/span><\/p>\n<hr data-start=\"1907\" data-end=\"1910\" \/>\n<h3 data-start=\"1912\" data-end=\"1977\"><span style=\"color: #000000;\">Candy Trio-K\u00fcche: Die intelligente L\u00f6sung f\u00fcr begrenzten Raum<\/span><\/h3>\n<p data-start=\"1979\" data-end=\"2181\"><span style=\"color: #000000;\">Wenn Sie ein Candy Trio-Kombiger\u00e4t mit Elektro-Glaskeramikkochfeld suchen, ist das Modell <strong data-start=\"2069\" data-end=\"2083\">TRIOVXNT\/1<\/strong> die ideale L\u00f6sung, um Funktionalit\u00e4t, Design und Effizienz in einem einzigen Produkt zu vereinen.<\/span><\/p>\n<p data-start=\"2183\" data-end=\"2330\" data-is-last-node=\"\" data-is-only-node=\"\"><span style=\"color: #000000;\">Kaufen Sie jetzt den <strong data-start=\"2204\" data-end=\"2224\">Candy TRIOVXNT\/1<\/strong> und verwandeln Sie selbst die kleinste K\u00fcche in einen vollst\u00e4ndigen, effizienten und modernen K\u00fcchenraum.<\/span><\/p>\n<\/div>\n<\/div>\n<\/div>\n<\/div>\n<div class=\"z-0 flex min-h-[46px] justify-start\"><\/div>\n<div class=\"mt-3 w-full empty:hidden\">\n<div class=\"text-center\"><\/div>\n<\/div>\n<\/div>\n<\/div>\n<\/article>\n<\/div>\n<div class=\"pointer-events-none h-px w-px absolute bottom-0\" aria-hidden=\"true\" data-edge=\"true\"><\/div>\n","protected":false},"excerpt":{"rendered":"<p>Begrenzte Verf\u00fcgbarkeit: 1 St\u00fcck Candy TRIOVXNT\/1 \u2013 Trio-Kombiger\u00e4t mit Elektro-Glaskeramikkochfeld Der Candy TRIOVXNT\/1 ist die ideale platzsparende L\u00f6sung f\u00fcr alle, die eine vollwertige K\u00fcche auf nur 60 cm Breite w\u00fcnschen&#8230;.<\/p>\n","protected":false},"featured_media":6649,"comment_status":"closed","ping_status":"closed","template":"","meta":{"inline_featured_image":false},"product_brand":[],"product_cat":[55],"product_tag":[],"class_list":{"0":"post-6647","1":"product","2":"type-product","3":"status-publish","4":"has-post-thumbnail","6":"product_cat-elettrodomestici","8":"first","9":"instock","10":"sale","11":"shipping-taxable","12":"product-type-simple"},"_links":{"self":[{"href":"https:\/\/saree.it\/de\/wp-json\/wp\/v2\/product\/6647","targetHints":{"allow":["GET"]}}],"collection":[{"href":"https:\/\/saree.it\/de\/wp-json\/wp\/v2\/product"}],"about":[{"href":"https:\/\/saree.it\/de\/wp-json\/wp\/v2\/types\/product"}],"replies":[{"embeddable":true,"href":"https:\/\/saree.it\/de\/wp-json\/wp\/v2\/comments?post=6647"}],"wp:featuredmedia":[{"embeddable":true,"href":"https:\/\/saree.it\/de\/wp-json\/wp\/v2\/media\/6649"}],"wp:attachment":[{"href":"https:\/\/saree.it\/de\/wp-json\/wp\/v2\/media?parent=6647"}],"wp:term":[{"taxonomy":"product_brand","embeddable":true,"href":"https:\/\/saree.it\/de\/wp-json\/wp\/v2\/product_brand?post=6647"},{"taxonomy":"product_cat","embeddable":true,"href":"https:\/\/saree.it\/de\/wp-json\/wp\/v2\/product_cat?post=6647"},{"taxonomy":"product_tag","embeddable":true,"href":"https:\/\/saree.it\/de\/wp-json\/wp\/v2\/product_tag?post=6647"}],"curies":[{"name":"wp","href":"https:\/\/api.w.org\/{rel}","templated":true}]}}